{"id":200,"date":"2021-12-15T15:35:22","date_gmt":"2021-12-15T20:35:22","guid":{"rendered":"https:\/\/hhwoods.ca\/index.php\/accueil\/"},"modified":"2021-12-18T12:44:19","modified_gmt":"2021-12-18T17:44:19","slug":"accueil","status":"publish","type":"page","link":"https:\/\/hhwoods.ca\/index.php\/accueil\/?lang=fr","title":{"rendered":"Accueil"},"content":{"rendered":"<div id=\"cs-content\" class=\"cs-content\"><\/div>\n","protected":false},"excerpt":{"rendered":"<p>Sculptures en bois faites sur mesure Hudson Heirloom WoodsRedonner vie \u00e0 la nature arboriforme.Inspir\u00e9 par la beaut\u00e9 intemporelle du bois, Gary Connors fa\u00e7onne des \u0153uvres artisanales uniques \u00e0 partir d\u2019essences &#8230;<\/p>\n","protected":false},"author":1,"featured_media":0,"parent":0,"menu_order":0,"comment_status":"closed","ping_status":"closed","template":"template-blank-4.php","meta":[],"_links":{"self":[{"href":"https:\/\/hhwoods.ca\/index.php\/wp-json\/wp\/v2\/pages\/200"}],"collection":[{"href":"https:\/\/hhwoods.ca\/index.php\/wp-json\/wp\/v2\/pages"}],"about":[{"href":"https:\/\/hhwoods.ca\/index.php\/wp-json\/wp\/v2\/types\/page"}],"author":[{"embeddable":true,"href":"https:\/\/hhwoods.ca\/index.php\/wp-json\/wp\/v2\/users\/1"}],"replies":[{"embeddable":true,"href":"https:\/\/hhwoods.ca\/index.php\/wp-json\/wp\/v2\/comments?post=200"}],"version-history":[{"count":22,"href":"https:\/\/hhwoods.ca\/index.php\/wp-json\/wp\/v2\/pages\/200\/revisions"}],"predecessor-version":[{"id":233,"href":"https:\/\/hhwoods.ca\/index.php\/wp-json\/wp\/v2\/pages\/200\/revisions\/233"}],"wp:attachment":[{"href":"https:\/\/hhwoods.ca\/index.php\/wp-json\/wp\/v2\/media?parent=200"}],"curies":[{"name":"wp","href":"https:\/\/api.w.org\/{rel}","templated":true}]}}